{"id":6,"date":"2008-05-18T15:54:16","date_gmt":"2008-05-18T13:54:16","guid":{"rendered":"http:\/\/planwerkstatt-bayreuth.de\/cms\/?page_id=6"},"modified":"2024-11-04T11:52:56","modified_gmt":"2024-11-04T10:52:56","slug":"scan-service","status":"publish","type":"page","link":"https:\/\/www.planwerkstatt-bayreuth.de\/cms\/leistungen\/scan-service\/","title":{"rendered":"Scan-Service"},"content":{"rendered":"<p>Bestehende Pl\u00e4ne neu gestalten? Kein Problem. Wir digitalisieren Ihre Originale schonend und ohne Qualit\u00e4tsverlust. Egal ob farbig oder schwarz \/ wei\u00df, wir scannen jede Vorlage bis zu einer Breite von max. 90 cm in beliebiger L\u00e4nge.<br \/>\n<img loading=\"lazy\" decoding=\"async\" class=\"alignright alignnone size-medium wp-image-30\" style=\"float: right; margin-left: 10px; margin-right: 10px;\" title=\"Scanservice\" src=\"https:\/\/www.planwerkstatt-bayreuth.de\/cms\/wp-content\/uploads\/2008\/08\/p8076149_250.jpg\" alt=\"Scan-Service der Planwerkstatt\" width=\"250\" height=\"188\" \/>Die Digitalisierung Ihrer Dokumente und Zeichnungen bringt neben der M\u00f6glichkeit der Ver\u00e4nderung auch noch weitere Vorteile mit sich. Digitalisierte Formate lassen sich einfacher archivieren und sind somit nicht nur platzsparend untergebracht, sondern auch gegen sch\u00e4digende Umweltfaktoren gesch\u00fctzt. Kein Vergilben, kein Zerfallen \u2013 Ihre Visionen nachhaltig gesch\u00fctzt, denn durch den Scan Ihrer Dokumente k\u00f6nnen Sie kosteng\u00fcnstig ein zukunftssicheres Planarchiv anlegen und verwalten.<\/p>\n<p>Nutzen Sie diese M\u00f6glichkeit auch f\u00fcr Ihr &#8222;papierloses B\u00fcro&#8220; und lassen Sie die anfallenden Dokumente\/Ordner z.B. monatsweise zu einem g\u00fcnstigen Preis in Ihr Onlinearchiv (das keine Lagerpl\u00e4tze ben\u00f6tigt) aufnehmen.<\/p>\n","protected":false},"excerpt":{"rendered":"<p>Bestehende Pl\u00e4ne neu gestalten? Kein Problem. Wir digitalisieren Ihre Originale schonend und ohne Qualit\u00e4tsverlust. Egal ob farbig oder schwarz \/ wei\u00df, wir scannen jede Vorlage bis zu einer Breite von max. 90 cm in beliebiger L\u00e4nge. Die Digitalisierung Ihrer Dokumente und Zeichnungen bringt neben der M\u00f6glichkeit der Ver\u00e4nderung auch noch weitere Vorteile mit sich. Digitalisierte [&hellip;]<\/p>\n","protected":false},"author":1,"featured_media":0,"parent":8,"menu_order":0,"comment_status":"closed","ping_status":"closed","template":"","meta":{"footnotes":""},"_links":{"self":[{"href":"https:\/\/www.planwerkstatt-bayreuth.de\/cms\/wp-json\/wp\/v2\/pages\/6"}],"collection":[{"href":"https:\/\/www.planwerkstatt-bayreuth.de\/cms\/wp-json\/wp\/v2\/pages"}],"about":[{"href":"https:\/\/www.planwerkstatt-bayreuth.de\/cms\/wp-json\/wp\/v2\/types\/page"}],"author":[{"embeddable":true,"href":"https:\/\/www.planwerkstatt-bayreuth.de\/cms\/wp-json\/wp\/v2\/users\/1"}],"replies":[{"embeddable":true,"href":"https:\/\/www.planwerkstatt-bayreuth.de\/cms\/wp-json\/wp\/v2\/comments?post=6"}],"version-history":[{"count":1,"href":"https:\/\/www.planwerkstatt-bayreuth.de\/cms\/wp-json\/wp\/v2\/pages\/6\/revisions"}],"predecessor-version":[{"id":235,"href":"https:\/\/www.planwerkstatt-bayreuth.de\/cms\/wp-json\/wp\/v2\/pages\/6\/revisions\/235"}],"up":[{"embeddable":true,"href":"https:\/\/www.planwerkstatt-bayreuth.de\/cms\/wp-json\/wp\/v2\/pages\/8"}],"wp:attachment":[{"href":"https:\/\/www.planwerkstatt-bayreuth.de\/cms\/wp-json\/wp\/v2\/media?parent=6"}],"curies":[{"name":"wp","href":"https:\/\/api.w.org\/{rel}","templated":true}]}}