{"id":5,"date":"2008-05-18T15:53:53","date_gmt":"2008-05-18T13:53:53","guid":{"rendered":"http:\/\/planwerkstatt-bayreuth.de\/cms\/?page_id=5"},"modified":"2024-11-04T11:52:20","modified_gmt":"2024-11-04T10:52:20","slug":"plot-service","status":"publish","type":"page","link":"https:\/\/www.planwerkstatt-bayreuth.de\/cms\/leistungen\/plot-service\/","title":{"rendered":"Plot-Service"},"content":{"rendered":"<p><!--StartFragment--><\/p>\n<p class=\"MsoNormal\"><img loading=\"lazy\" decoding=\"async\" class=\"alignright size-medium wp-image-27\" style=\"float: right; margin: 10px;\" title=\"Plot-Service\" src=\"https:\/\/www.planwerkstatt-bayreuth.de\/cms\/wp-content\/uploads\/2008\/08\/p8076116_250.jpg\" alt=\"Plot-Service der Planwerkstatt\" width=\"250\" height=\"187\" \/><\/p>\n<p class=\"MsoNormal\">Die Erstellung von Pl\u00e4nen erfordert neben technischem Wissen auch eine geh\u00f6rige Portion Vorstellungskraft. Mit unserem Plot-Service sorgen wir daf\u00fcr, dass Ihre Visionen mit geb\u00fchrender Qualit\u00e4t zu Papier gebracht werden. Unsere Plotter geben Pl\u00e4ne bis zu 1,067 Metern Breite und beliebiger L\u00e4nge aus, ob farbig oder schwarz \/ wei\u00df spielt dabei keine Rolle. Die Auswahl der Papierst\u00e4rke von 80g\/m\u00b2 bis 195 g\/m\u00b2 obliegt komplett Ihren W\u00fcnschen und Verwendungszwecken.<\/p>\n<p class=\"MsoNormal\">Dabei plotten wir mit leistungsf\u00e4higen Systemen, so dass auch die schnelle und hochwertige Vervielf\u00e4ltigung Ihres Plans kosteng\u00fcnstig und zeitnah oftmals noch am gleichen Tag durchgef\u00fchrt werden kann.<\/p>\n<p><img loading=\"lazy\" decoding=\"async\" class=\"alignleft alignnone size-medium wp-image-28\" style=\"float: left; margin: 10px;\" title=\"Falten\" src=\"https:\/\/www.planwerkstatt-bayreuth.de\/cms\/wp-content\/uploads\/2008\/08\/p8076175_250.jpg\" alt=\"Planwerkstatt faltet Ihre Pl\u00e4ne\" width=\"250\" height=\"188\" \/><\/p>\n<p class=\"MsoNormal\">Sie k\u00f6nnen uns die Pl\u00e4ne dazu in digitaler Form per e-Mail oder \u00fcber einen Link oder eine Cloud zum Download zukommen lassen. Dar\u00fcber hinaus steht Ihnen unser Scan-Service zur Digitalisierung Ihrer Daten zur Verf\u00fcgung.<\/p>\n<p class=\"MsoNormal\">Damit Ihre Pl\u00e4ne zum Einen gesch\u00fctzt sind und sich zum Anderen problemlos transportieren lassen, falten wir Ihre Pl\u00e4ne nach DIN-Norm. Zus\u00e4tzlich ist es Standard, die Pl\u00e4ne gelocht und lochverst\u00e4rkt zu erhalten.<\/p>\n<p>Bei Bedarf k\u00f6nnen wir Ihnen die Pl\u00e4ne auch von A4 &#8211; max. A2 einlamieren.<\/p>\n<p>Bitte sprechen Sie dies vorher kurz mit uns ab.<\/p>\n<p class=\"MsoNormal\">F\u00fcr den schnellen Erhalt Ihrer Pl\u00e4ne nutzen Sie gerne unseren Kurierservice. Weiterhin senden wir Ihre Pl\u00e4ne zum Portopreis ohne\u00a0weitere Kosten an jede erdenkliche Adresse.<\/p>\n<p><!--EndFragment--><\/p>\n","protected":false},"excerpt":{"rendered":"<p>Die Erstellung von Pl\u00e4nen erfordert neben technischem Wissen auch eine geh\u00f6rige Portion Vorstellungskraft. Mit unserem Plot-Service sorgen wir daf\u00fcr, dass Ihre Visionen mit geb\u00fchrender Qualit\u00e4t zu Papier gebracht werden. Unsere Plotter geben Pl\u00e4ne bis zu 1,067 Metern Breite und beliebiger L\u00e4nge aus, ob farbig oder schwarz \/ wei\u00df spielt dabei keine Rolle. Die Auswahl der [&hellip;]<\/p>\n","protected":false},"author":1,"featured_media":0,"parent":8,"menu_order":0,"comment_status":"closed","ping_status":"closed","template":"","meta":{"footnotes":""},"_links":{"self":[{"href":"https:\/\/www.planwerkstatt-bayreuth.de\/cms\/wp-json\/wp\/v2\/pages\/5"}],"collection":[{"href":"https:\/\/www.planwerkstatt-bayreuth.de\/cms\/wp-json\/wp\/v2\/pages"}],"about":[{"href":"https:\/\/www.planwerkstatt-bayreuth.de\/cms\/wp-json\/wp\/v2\/types\/page"}],"author":[{"embeddable":true,"href":"https:\/\/www.planwerkstatt-bayreuth.de\/cms\/wp-json\/wp\/v2\/users\/1"}],"replies":[{"embeddable":true,"href":"https:\/\/www.planwerkstatt-bayreuth.de\/cms\/wp-json\/wp\/v2\/comments?post=5"}],"version-history":[{"count":2,"href":"https:\/\/www.planwerkstatt-bayreuth.de\/cms\/wp-json\/wp\/v2\/pages\/5\/revisions"}],"predecessor-version":[{"id":234,"href":"https:\/\/www.planwerkstatt-bayreuth.de\/cms\/wp-json\/wp\/v2\/pages\/5\/revisions\/234"}],"up":[{"embeddable":true,"href":"https:\/\/www.planwerkstatt-bayreuth.de\/cms\/wp-json\/wp\/v2\/pages\/8"}],"wp:attachment":[{"href":"https:\/\/www.planwerkstatt-bayreuth.de\/cms\/wp-json\/wp\/v2\/media?parent=5"}],"curies":[{"name":"wp","href":"https:\/\/api.w.org\/{rel}","templated":true}]}}