{"id":3,"date":"2008-05-18T15:51:00","date_gmt":"2008-05-18T13:51:00","guid":{"rendered":"http:\/\/planwerkstatt-bayreuth.de\/cms\/?page_id=3"},"modified":"2024-11-04T12:00:55","modified_gmt":"2024-11-04T11:00:55","slug":"startseite","status":"publish","type":"page","link":"https:\/\/www.planwerkstatt-bayreuth.de\/cms\/","title":{"rendered":"Startseite"},"content":{"rendered":"<p>Herzlich Willkommen bei der Planwerkstatt Bayreuth!<\/p>\n<p class=\"MsoNormal\">Seit vielen Jahren sind wir als kompetenter <a title=\"Scandienstleistung - Plotdienstleistung\" href=\"http:\/\/\">Dienstleister <\/a> auf dem Gebiet der <a title=\"Reprotechnik\" href=\"http:\/\/\">Reprotechnik<\/a> und <a title=\"Bauzeichnung Bayreuth\" href=\"https:\/\/www.planwerkstatt-bayreuth.de\/cms\/leistungen\/bauzeichnung-cad\/\">Bauzeichnung<\/a> t\u00e4tig. Unser Schaffen begrenzt sich nicht nur auf das Gebiet <a title=\"Bayreuth - Kulmbach - Bamberg - N\u00fcrnberg - F\u00fcrth - Erlangen - Forchheim\" href=\"http:\/\/\">Ober- und Mittelfranken <\/a> \u2013 als Unternehmen aus Bayreuth haben wir Kunden in ganz Deutschland f\u00fcr uns gewinnen k\u00f6nnen.<\/p>\n<p class=\"MsoNormal\">Ein Grund daf\u00fcr ist unser umfangreiches <a title=\"Plotservice - Scanservice - Bauzeichnung \" href=\"http:\/\/\">Leistungsangebot<\/a> . Egal ob <a title=\"Plot-Service\" href=\"https:\/\/www.planwerkstatt-bayreuth.de\/cms\/leistungen\/plot-service\/\">Plotten<\/a> , <a title=\"Scan-Service\" href=\"https:\/\/www.planwerkstatt-bayreuth.de\/cms\/leistungen\/scan-service\/\">Scannen<\/a> oder <a title=\"Posterdruck Druckservice Bayreuth\" href=\"https:\/\/www.planwerkstatt-bayreuth.de\/cms\/leistungen\/posterdruck\/\">Drucken<\/a> , wir haben f\u00fcr jeden Auftrag die passende L\u00f6sung parat. Mit unserem <a title=\"Plot-Service\" href=\"https:\/\/www.planwerkstatt-bayreuth.de\/cms\/leistungen\/plot-service\/\">Plot-Service<\/a> sorgen wir daf\u00fcr, dass Ihre Visionen mit geb\u00fchrender Qualit\u00e4t zu Papier gebracht werden \u2013 schnell und unkompliziert. Dies gilt ebenso f\u00fcr Ihre Fotos.<\/p>\n<p class=\"MsoNormal\">Weiterhin digitalisieren wir Ihre Originale schonend und ohne Qualit\u00e4tsverlust. Fragen Sie nach unserem <a title=\"Scan-Service\" href=\"https:\/\/www.planwerkstatt-bayreuth.de\/cms\/leistungen\/scan-service\/\">Scan-Service<\/a> und nutzen Sie die M\u00f6glichkeit, Ihre Pl\u00e4ne und Unterlagen zukunftssicher zu archivieren.<\/p>\n<p>Gerne \u00fcbernehmen wir viele <a title=\"CAD Dienstleistung\" href=\"https:\/\/www.planwerkstatt-bayreuth.de\/cms\/leistungen\/bauzeichnung-cad\/\">CAD-Dienstleistungen<\/a> f\u00fcr Sie. Unser integriertes Zeichenb\u00fcro erstellt Aufmass , Entwurf und Eingabeplanung in Zusammenarbeit mit einem Architekten. Dar\u00fcber hinaus \u00fcbernehmen wir Werkplanung , Detailplanung und Prospekterstellung , erstellen Bestandspl\u00e4ne , Entw\u00e4sserungspl\u00e4ne und Aussenanlagenpl\u00e4ne.<\/p>\n<p>Rundum-Service vom Fachmann \u2013 Wir wissen was wir tun.<\/p>\n<p>\u00a0<\/p>\n\n\n<p><\/p>\n\n\n\n<p><\/p>\n\n\n\n<p><\/p>\n","protected":false},"excerpt":{"rendered":"<p>Herzlich Willkommen bei der Planwerkstatt Bayreuth! Seit vielen Jahren sind wir als kompetenter Dienstleister auf dem Gebiet der Reprotechnik und Bauzeichnung t\u00e4tig. Unser Schaffen begrenzt sich nicht nur auf das Gebiet Ober- und Mittelfranken \u2013 als Unternehmen aus Bayreuth haben wir Kunden in ganz Deutschland f\u00fcr uns gewinnen k\u00f6nnen. Ein Grund daf\u00fcr ist unser umfangreiches [&hellip;]<\/p>\n","protected":false},"author":1,"featured_media":0,"parent":0,"menu_order":0,"comment_status":"open","ping_status":"open","template":"","meta":{"footnotes":""},"_links":{"self":[{"href":"https:\/\/www.planwerkstatt-bayreuth.de\/cms\/wp-json\/wp\/v2\/pages\/3"}],"collection":[{"href":"https:\/\/www.planwerkstatt-bayreuth.de\/cms\/wp-json\/wp\/v2\/pages"}],"about":[{"href":"https:\/\/www.planwerkstatt-bayreuth.de\/cms\/wp-json\/wp\/v2\/types\/page"}],"author":[{"embeddable":true,"href":"https:\/\/www.planwerkstatt-bayreuth.de\/cms\/wp-json\/wp\/v2\/users\/1"}],"replies":[{"embeddable":true,"href":"https:\/\/www.planwerkstatt-bayreuth.de\/cms\/wp-json\/wp\/v2\/comments?post=3"}],"version-history":[{"count":33,"href":"https:\/\/www.planwerkstatt-bayreuth.de\/cms\/wp-json\/wp\/v2\/pages\/3\/revisions"}],"predecessor-version":[{"id":242,"href":"https:\/\/www.planwerkstatt-bayreuth.de\/cms\/wp-json\/wp\/v2\/pages\/3\/revisions\/242"}],"wp:attachment":[{"href":"https:\/\/www.planwerkstatt-bayreuth.de\/cms\/wp-json\/wp\/v2\/media?parent=3"}],"curies":[{"name":"wp","href":"https:\/\/api.w.org\/{rel}","templated":true}]}}