{"id":13,"date":"2008-05-18T16:01:18","date_gmt":"2008-05-18T14:01:18","guid":{"rendered":"http:\/\/planwerkstatt-bayreuth.de\/cms\/?page_id=13"},"modified":"2024-11-04T11:54:35","modified_gmt":"2024-11-04T10:54:35","slug":"online-plot-service","status":"publish","type":"page","link":"https:\/\/www.planwerkstatt-bayreuth.de\/cms\/online-plot-service\/","title":{"rendered":"Online-Plot-Service"},"content":{"rendered":"<p><!--StartFragment--><\/p>\n<p class=\"MsoNormal\">Nutzen Sie unseren Online-Service zum Ausdruck von Pl\u00e4nen. Um Ihre Pl\u00e4ne zeitnah plotten zu lassen haben Sie die M\u00f6glichkeit, Ihre Datei an dieser Stelle auf unseren Server zu \u00fcbertragen.\u00a0<a href=\"mailto:s.layritz@planwerkstatt-bayreuth.de\">Schreiben uns einfach per Mail<\/a> mit Ihrem Anhang, Ihrer Auswahl, Leitung und Menge. Wir\u00a0erstelle dann auch gerne ein genaues\u00a0und verbindliches Angebot auf Grundlage der L\u00e4ngen der Pl\u00e4ne bzw. ob farbig mit Fl\u00e4chenfarben, Farbstrich oder schwarz-weis!<\/p>\n<p>Bei einem Auftragseingang bis 16 Uhr liefern wir Ihre Pl\u00e4ne am Vormittag des Folgetages innerhalb von Bayreuth bei einem Netto-Mindestbestellwert von \u20ac 75,- Kostenfrei aus (sonst \u20ac 10,-). Kommt Ihr Auftrag aus einer anderen Region \u2013 auch kein Problem. Wir geben Ihre Pl\u00e4ne am Vormittag des Folgetages an unseren Versand-Dienstleister weiter, so dass Sie die Pl\u00e4ne im Regelfall bereits am \u00fcbern\u00e4chsten Tag erhalten. Per Express sogar am Tag nach dem Auftragseingang.<\/p>\n<p><a href=\"mailto:s.layritz@planwerkstatt-bayreuth.de\">Mail schreiben &gt;<\/a><\/p>\n","protected":false},"excerpt":{"rendered":"<p>Nutzen Sie unseren Online-Service zum Ausdruck von Pl\u00e4nen. Um Ihre Pl\u00e4ne zeitnah plotten zu lassen haben Sie die M\u00f6glichkeit, Ihre Datei an dieser Stelle auf unseren Server zu \u00fcbertragen.\u00a0Schreiben uns einfach per Mail mit Ihrem Anhang, Ihrer Auswahl, Leitung und Menge. Wir\u00a0erstelle dann auch gerne ein genaues\u00a0und verbindliches Angebot auf Grundlage der L\u00e4ngen der Pl\u00e4ne [&hellip;]<\/p>\n","protected":false},"author":1,"featured_media":0,"parent":0,"menu_order":0,"comment_status":"closed","ping_status":"closed","template":"","meta":{"footnotes":""},"_links":{"self":[{"href":"https:\/\/www.planwerkstatt-bayreuth.de\/cms\/wp-json\/wp\/v2\/pages\/13"}],"collection":[{"href":"https:\/\/www.planwerkstatt-bayreuth.de\/cms\/wp-json\/wp\/v2\/pages"}],"about":[{"href":"https:\/\/www.planwerkstatt-bayreuth.de\/cms\/wp-json\/wp\/v2\/types\/page"}],"author":[{"embeddable":true,"href":"https:\/\/www.planwerkstatt-bayreuth.de\/cms\/wp-json\/wp\/v2\/users\/1"}],"replies":[{"embeddable":true,"href":"https:\/\/www.planwerkstatt-bayreuth.de\/cms\/wp-json\/wp\/v2\/comments?post=13"}],"version-history":[{"count":3,"href":"https:\/\/www.planwerkstatt-bayreuth.de\/cms\/wp-json\/wp\/v2\/pages\/13\/revisions"}],"predecessor-version":[{"id":238,"href":"https:\/\/www.planwerkstatt-bayreuth.de\/cms\/wp-json\/wp\/v2\/pages\/13\/revisions\/238"}],"wp:attachment":[{"href":"https:\/\/www.planwerkstatt-bayreuth.de\/cms\/wp-json\/wp\/v2\/media?parent=13"}],"curies":[{"name":"wp","href":"https:\/\/api.w.org\/{rel}","templated":true}]}}